{"id":68748,"date":"2026-05-05T12:57:30","date_gmt":"2026-05-05T12:57:30","guid":{"rendered":"https:\/\/www.viezziarte.it\/product\/applique-a-due-luci-in-legno-intagliato-e-dorato-italia-xviii-secolo\/"},"modified":"2026-05-05T12:57:30","modified_gmt":"2026-05-05T12:57:30","slug":"applique-a-due-luci-in-legno-intagliato-e-dorato-italia-xviii-secolo","status":"publish","type":"product","link":"https:\/\/www.viezziarte.it\/en\/product\/applique-a-due-luci-in-legno-intagliato-e-dorato-italia-xviii-secolo\/","title":{"rendered":"Applique a due luci in legno intagliato e dorato. Italia, XVIII secolo."},"content":{"rendered":"<p><strong>Applique a due luci in legno intagliato e dorato. Italia, XVIII secolo.<\/strong><\/p>\n<p>La placca di fondo, sagomata a mezzaluna, \u00e8 percorsa lungo il bordo da un ricco intaglio a foglie d&#8217;acanto e volute. Al centro, un elemento a cartoccio funge da raccordo tra i due bracci curvilinei che sorreggono i portalumi. La parte inferiore \u00e8 animata da motivi fogliacei traforati. L&#8217;intaglio riflette i caratteri del gusto rococ\u00f2 italiano del XVIII secolo. L&#8217;applique \u00e8 stata elettrificata in epoca successiva (impianto da revisionare).<\/p>\n<p>Condition report: Buono stato di conservazione generale, con normale usura della doratura e piccole mancanze localizzate.<\/p>\n","protected":false},"excerpt":{"rendered":"<p>Applique a due luci in legno intagliato e dorato. Italia, XVIII secolo. La placca di fondo, sagomata a mezzaluna, \u00e8 percorsa lungo il bordo da un ricco intaglio a foglie d&#8217;acanto e volute. Al centro, un elemento a cartoccio funge da raccordo tra i due bracci curvilinei che sorreggono i portalumi. La parte inferiore \u00e8 [&hellip;]<\/p>\n","protected":false},"featured_media":68747,"comment_status":"closed","ping_status":"closed","template":"","meta":{"_acf_changed":false,"_et_pb_use_builder":"","_et_pb_old_content":"","_et_gb_content_width":""},"product_brand":[],"product_cat":[128],"product_tag":[],"class_list":{"0":"post-68748","1":"product","2":"type-product","3":"status-publish","4":"has-post-thumbnail","6":"epoche-xviii-secolo","7":"product_cat-furnitures","9":"first","10":"instock","11":"shipping-taxable","12":"purchasable","13":"product-type-simple"},"acf":[],"_links":{"self":[{"href":"https:\/\/www.viezziarte.it\/en\/wp-json\/wp\/v2\/product\/68748","targetHints":{"allow":["GET"]}}],"collection":[{"href":"https:\/\/www.viezziarte.it\/en\/wp-json\/wp\/v2\/product"}],"about":[{"href":"https:\/\/www.viezziarte.it\/en\/wp-json\/wp\/v2\/types\/product"}],"replies":[{"embeddable":true,"href":"https:\/\/www.viezziarte.it\/en\/wp-json\/wp\/v2\/comments?post=68748"}],"wp:featuredmedia":[{"embeddable":true,"href":"https:\/\/www.viezziarte.it\/en\/wp-json\/wp\/v2\/media\/68747"}],"wp:attachment":[{"href":"https:\/\/www.viezziarte.it\/en\/wp-json\/wp\/v2\/media?parent=68748"}],"wp:term":[{"taxonomy":"product_brand","embeddable":true,"href":"https:\/\/www.viezziarte.it\/en\/wp-json\/wp\/v2\/product_brand?post=68748"},{"taxonomy":"product_cat","embeddable":true,"href":"https:\/\/www.viezziarte.it\/en\/wp-json\/wp\/v2\/product_cat?post=68748"},{"taxonomy":"product_tag","embeddable":true,"href":"https:\/\/www.viezziarte.it\/en\/wp-json\/wp\/v2\/product_tag?post=68748"}],"curies":[{"name":"wp","href":"https:\/\/api.w.org\/{rel}","templated":true}]}}