{"id":68762,"date":"2026-05-05T14:00:37","date_gmt":"2026-05-05T14:00:37","guid":{"rendered":"https:\/\/www.viezziarte.it\/product\/pittore-inglese-fine-xix-sec-paesaggio-costiero-con-castello-e-pescatore\/"},"modified":"2026-05-05T14:00:37","modified_gmt":"2026-05-05T14:00:37","slug":"pittore-inglese-fine-xix-sec-paesaggio-costiero-con-castello-e-pescatore","status":"publish","type":"product","link":"https:\/\/www.viezziarte.it\/en\/product\/pittore-inglese-fine-xix-sec-paesaggio-costiero-con-castello-e-pescatore\/","title":{"rendered":"Pittore inglese (fine XIX sec.) &#8211; Paesaggio costiero con castello e pescatore."},"content":{"rendered":"<p><strong>Pittore inglese (fine XIX sec.) &#8211; Paesaggio costiero con castello e pescatore.<\/strong><\/p>\n<p>Olio su tela, senza cornice.<\/p>\n<p>La composizione raffigura un&#8217;ampia veduta costiera con, sulla sinistra, un castello medievale turrito su promontorio roccioso, e sullo sfondo una catena montuosa che si dissolve nella foschia. In primo piano, un pescatore \u00e8 seduto a riposo in una barca arenata tra la vegetazione palustre; pi\u00f9 lontano, lungo la spiaggia, si distinguono piccole figure intente alle loro attivit\u00e0. La luce diffusa e il cielo nuvoloso, trattato con pennellate libere e pastose, rimandano alla tradizione paesaggistica britannica di fine Ottocento, influenzata dalla scuola romantica di derivazione constabliana.<\/p>\n<p>Condition report: Tela foderata. Buono stato di conservazione della superficie pittorica, sono presenti segni di invecchiamento e usura.<\/p>\n","protected":false},"excerpt":{"rendered":"<p>Pittore inglese (fine XIX sec.) &#8211; Paesaggio costiero con castello e pescatore. Olio su tela, senza cornice. La composizione raffigura un&#8217;ampia veduta costiera con, sulla sinistra, un castello medievale turrito su promontorio roccioso, e sullo sfondo una catena montuosa che si dissolve nella foschia. In primo piano, un pescatore \u00e8 seduto a riposo in una [&hellip;]<\/p>\n","protected":false},"featured_media":68757,"comment_status":"closed","ping_status":"closed","template":"","meta":{"_acf_changed":false,"_et_pb_use_builder":"","_et_pb_old_content":"","_et_gb_content_width":""},"product_brand":[],"product_cat":[127],"product_tag":[],"class_list":{"0":"post-68762","1":"product","2":"type-product","3":"status-publish","4":"has-post-thumbnail","6":"epoche-xix-sec-en","7":"product_cat-old-masters-paintings-drawings","9":"first","10":"instock","11":"shipping-taxable","12":"purchasable","13":"product-type-simple"},"acf":[],"_links":{"self":[{"href":"https:\/\/www.viezziarte.it\/en\/wp-json\/wp\/v2\/product\/68762","targetHints":{"allow":["GET"]}}],"collection":[{"href":"https:\/\/www.viezziarte.it\/en\/wp-json\/wp\/v2\/product"}],"about":[{"href":"https:\/\/www.viezziarte.it\/en\/wp-json\/wp\/v2\/types\/product"}],"replies":[{"embeddable":true,"href":"https:\/\/www.viezziarte.it\/en\/wp-json\/wp\/v2\/comments?post=68762"}],"wp:featuredmedia":[{"embeddable":true,"href":"https:\/\/www.viezziarte.it\/en\/wp-json\/wp\/v2\/media\/68757"}],"wp:attachment":[{"href":"https:\/\/www.viezziarte.it\/en\/wp-json\/wp\/v2\/media?parent=68762"}],"wp:term":[{"taxonomy":"product_brand","embeddable":true,"href":"https:\/\/www.viezziarte.it\/en\/wp-json\/wp\/v2\/product_brand?post=68762"},{"taxonomy":"product_cat","embeddable":true,"href":"https:\/\/www.viezziarte.it\/en\/wp-json\/wp\/v2\/product_cat?post=68762"},{"taxonomy":"product_tag","embeddable":true,"href":"https:\/\/www.viezziarte.it\/en\/wp-json\/wp\/v2\/product_tag?post=68762"}],"curies":[{"name":"wp","href":"https:\/\/api.w.org\/{rel}","templated":true}]}}